{"id":966,"date":"2024-07-02T21:51:03","date_gmt":"2024-07-02T21:51:03","guid":{"rendered":"https:\/\/usadosembomestado.pt\/?post_type=product&#038;p=966"},"modified":"2024-07-02T21:51:03","modified_gmt":"2024-07-02T21:51:03","slug":"pequenos-moveis-plastico-arrumacao","status":"publish","type":"product","link":"http:\/\/usadosembomestado.pt\/?product=pequenos-moveis-plastico-arrumacao","title":{"rendered":"pequenos moveis pl\u00e1stico arruma\u00e7\u00e3o"},"content":{"rendered":"<p>Pequenos m\u00f3veis pl\u00e1stico arruma\u00e7\u00e3o<br \/>\n55x32x30<br \/>\n10\u20ac os 2<\/p>\n","protected":false},"excerpt":{"rendered":"<p>Pequenos m\u00f3veis pl\u00e1stico arruma\u00e7\u00e3o 55x32x30 10\u20ac os 2<\/p>\n","protected":false},"featured_media":968,"comment_status":"open","ping_status":"closed","template":"","meta":{"_siteseo_robots_primary_cat":""},"product_cat":[15],"product_tag":[],"class_list":{"0":"post-966","1":"product","2":"type-product","3":"status-publish","4":"has-post-thumbnail","6":"product_cat-sem-categoria","8":"first","9":"instock","10":"shipping-taxable","11":"purchasable","12":"product-type-simple"},"_links":{"self":[{"href":"http:\/\/usadosembomestado.pt\/index.php?rest_route=\/wp\/v2\/product\/966","targetHints":{"allow":["GET"]}}],"collection":[{"href":"http:\/\/usadosembomestado.pt\/index.php?rest_route=\/wp\/v2\/product"}],"about":[{"href":"http:\/\/usadosembomestado.pt\/index.php?rest_route=\/wp\/v2\/types\/product"}],"replies":[{"embeddable":true,"href":"http:\/\/usadosembomestado.pt\/index.php?rest_route=%2Fwp%2Fv2%2Fcomments&post=966"}],"wp:featuredmedia":[{"embeddable":true,"href":"http:\/\/usadosembomestado.pt\/index.php?rest_route=\/wp\/v2\/media\/968"}],"wp:attachment":[{"href":"http:\/\/usadosembomestado.pt\/index.php?rest_route=%2Fwp%2Fv2%2Fmedia&parent=966"}],"wp:term":[{"taxonomy":"product_cat","embeddable":true,"href":"http:\/\/usadosembomestado.pt\/index.php?rest_route=%2Fwp%2Fv2%2Fproduct_cat&post=966"},{"taxonomy":"product_tag","embeddable":true,"href":"http:\/\/usadosembomestado.pt\/index.php?rest_route=%2Fwp%2Fv2%2Fproduct_tag&post=966"}],"curies":[{"name":"wp","href":"https:\/\/api.w.org\/{rel}","templated":true}]}}