{"id":680,"date":"2024-06-11T22:48:10","date_gmt":"2024-06-11T22:48:10","guid":{"rendered":"https:\/\/usadosembomestado.pt\/?post_type=product&#038;p=680"},"modified":"2024-06-11T22:48:10","modified_gmt":"2024-06-11T22:48:10","slug":"segredos-doces-e-salgados","status":"publish","type":"product","link":"http:\/\/usadosembomestado.pt\/?product=segredos-doces-e-salgados","title":{"rendered":"Segredos doces e salgados"},"content":{"rendered":"<p>Segredos doces e salgados cole\u00e7\u00e3o n\u00e3o completa, 5 dossiers.<\/p>\n","protected":false},"excerpt":{"rendered":"<p>Segredos doces e salgados cole\u00e7\u00e3o n\u00e3o completa, 5 dossiers.<\/p>\n","protected":false},"featured_media":681,"comment_status":"open","ping_status":"closed","template":"","meta":{"_siteseo_robots_primary_cat":""},"product_cat":[15],"product_tag":[],"class_list":{"0":"post-680","1":"product","2":"type-product","3":"status-publish","4":"has-post-thumbnail","6":"product_cat-sem-categoria","8":"first","9":"instock","10":"shipping-taxable","11":"purchasable","12":"product-type-simple"},"_links":{"self":[{"href":"http:\/\/usadosembomestado.pt\/index.php?rest_route=\/wp\/v2\/product\/680","targetHints":{"allow":["GET"]}}],"collection":[{"href":"http:\/\/usadosembomestado.pt\/index.php?rest_route=\/wp\/v2\/product"}],"about":[{"href":"http:\/\/usadosembomestado.pt\/index.php?rest_route=\/wp\/v2\/types\/product"}],"replies":[{"embeddable":true,"href":"http:\/\/usadosembomestado.pt\/index.php?rest_route=%2Fwp%2Fv2%2Fcomments&post=680"}],"wp:featuredmedia":[{"embeddable":true,"href":"http:\/\/usadosembomestado.pt\/index.php?rest_route=\/wp\/v2\/media\/681"}],"wp:attachment":[{"href":"http:\/\/usadosembomestado.pt\/index.php?rest_route=%2Fwp%2Fv2%2Fmedia&parent=680"}],"wp:term":[{"taxonomy":"product_cat","embeddable":true,"href":"http:\/\/usadosembomestado.pt\/index.php?rest_route=%2Fwp%2Fv2%2Fproduct_cat&post=680"},{"taxonomy":"product_tag","embeddable":true,"href":"http:\/\/usadosembomestado.pt\/index.php?rest_route=%2Fwp%2Fv2%2Fproduct_tag&post=680"}],"curies":[{"name":"wp","href":"https:\/\/api.w.org\/{rel}","templated":true}]}}