{"id":325,"date":"2024-06-02T12:57:46","date_gmt":"2024-06-02T12:57:46","guid":{"rendered":"https:\/\/usadosembomestado.pt\/?post_type=product&#038;p=325"},"modified":"2024-06-02T12:57:46","modified_gmt":"2024-06-02T12:57:46","slug":"triturador-de-carne-vintage","status":"publish","type":"product","link":"http:\/\/usadosembomestado.pt\/?product=triturador-de-carne-vintage","title":{"rendered":"Triturador de carne vintage"},"content":{"rendered":"<p>Triturador de carne vintage<br \/>\nPara exposi\u00e7\u00e3o<br \/>\nOu restauro..<br \/>\nEntrego em m\u00e3os em Lisboa e arredores<br \/>\nEncontra se a 5km da Ericeira.<\/p>\n","protected":false},"excerpt":{"rendered":"<p>Triturador de carne vintage Para exposi\u00e7\u00e3o Ou restauro.. Entrego em m\u00e3os em Lisboa e arredores Encontra se a 5km da Ericeira.<\/p>\n","protected":false},"featured_media":326,"comment_status":"open","ping_status":"closed","template":"","meta":{"_siteseo_robots_primary_cat":""},"product_cat":[15],"product_tag":[],"class_list":{"0":"post-325","1":"product","2":"type-product","3":"status-publish","4":"has-post-thumbnail","6":"product_cat-sem-categoria","8":"first","9":"instock","10":"shipping-taxable","11":"purchasable","12":"product-type-simple"},"_links":{"self":[{"href":"http:\/\/usadosembomestado.pt\/index.php?rest_route=\/wp\/v2\/product\/325","targetHints":{"allow":["GET"]}}],"collection":[{"href":"http:\/\/usadosembomestado.pt\/index.php?rest_route=\/wp\/v2\/product"}],"about":[{"href":"http:\/\/usadosembomestado.pt\/index.php?rest_route=\/wp\/v2\/types\/product"}],"replies":[{"embeddable":true,"href":"http:\/\/usadosembomestado.pt\/index.php?rest_route=%2Fwp%2Fv2%2Fcomments&post=325"}],"wp:featuredmedia":[{"embeddable":true,"href":"http:\/\/usadosembomestado.pt\/index.php?rest_route=\/wp\/v2\/media\/326"}],"wp:attachment":[{"href":"http:\/\/usadosembomestado.pt\/index.php?rest_route=%2Fwp%2Fv2%2Fmedia&parent=325"}],"wp:term":[{"taxonomy":"product_cat","embeddable":true,"href":"http:\/\/usadosembomestado.pt\/index.php?rest_route=%2Fwp%2Fv2%2Fproduct_cat&post=325"},{"taxonomy":"product_tag","embeddable":true,"href":"http:\/\/usadosembomestado.pt\/index.php?rest_route=%2Fwp%2Fv2%2Fproduct_tag&post=325"}],"curies":[{"name":"wp","href":"https:\/\/api.w.org\/{rel}","templated":true}]}}