{"id":278,"date":"2024-05-31T14:14:03","date_gmt":"2024-05-31T14:14:03","guid":{"rendered":"https:\/\/usadosembomestado.pt\/?post_type=product&#038;p=278"},"modified":"2024-06-18T17:49:16","modified_gmt":"2024-06-18T17:49:16","slug":"colecao-tele-culinaria-revistas","status":"publish","type":"product","link":"http:\/\/usadosembomestado.pt\/?product=colecao-tele-culinaria-revistas","title":{"rendered":"Cole\u00e7\u00e3o tele culin\u00e1ria revistas"},"content":{"rendered":"<p>Revistas tele culin\u00e1ria anos 1970 at\u00e9 2000, s\u00e3o cerca de 400 a 500 revistas, desde 1970 e picos at\u00e9 2004\/5. Alguns ainda embalados.<br \/>\nSe pretender alguma em espec\u00edfico contactar que verifico. Existe a possibilidade de entrega na zona de Lisboa com dia e hora a combinar. Encontra se a 5km da Ericeira. Tenho mais revistas de culin\u00e1ria, segredos da cozinha, cozinha portuguesa, mulher moderna, receitas de sucesso, 1000 melhores receitas de cozinha pr\u00e1tica, segredos doces e salgados, mil ideias para sobremesas doces receitas e enfeites, e Livros cole\u00e7\u00f5es: escola de cozinha, cozinha de Portugal, o mestre cozinheiro, entre outros.<\/p>\n","protected":false},"excerpt":{"rendered":"<p>Revistas tele culin\u00e1ria anos 1970 at\u00e9 2000, s\u00e3o cerca de 400 a 500 revistas, desde 1970 e picos at\u00e9 2004\/5. Alguns ainda embalados. Se pretender alguma em espec\u00edfico contactar que [&hellip;]<\/p>\n","protected":false},"featured_media":279,"comment_status":"open","ping_status":"closed","template":"","meta":{"_siteseo_robots_primary_cat":"15"},"product_cat":[29],"product_tag":[30],"class_list":{"0":"post-278","1":"product","2":"type-product","3":"status-publish","4":"has-post-thumbnail","6":"product_cat-livros","7":"product_tag-culinaria","9":"first","10":"instock","11":"shipping-taxable","12":"purchasable","13":"product-type-simple"},"_links":{"self":[{"href":"http:\/\/usadosembomestado.pt\/index.php?rest_route=\/wp\/v2\/product\/278","targetHints":{"allow":["GET"]}}],"collection":[{"href":"http:\/\/usadosembomestado.pt\/index.php?rest_route=\/wp\/v2\/product"}],"about":[{"href":"http:\/\/usadosembomestado.pt\/index.php?rest_route=\/wp\/v2\/types\/product"}],"replies":[{"embeddable":true,"href":"http:\/\/usadosembomestado.pt\/index.php?rest_route=%2Fwp%2Fv2%2Fcomments&post=278"}],"wp:featuredmedia":[{"embeddable":true,"href":"http:\/\/usadosembomestado.pt\/index.php?rest_route=\/wp\/v2\/media\/279"}],"wp:attachment":[{"href":"http:\/\/usadosembomestado.pt\/index.php?rest_route=%2Fwp%2Fv2%2Fmedia&parent=278"}],"wp:term":[{"taxonomy":"product_cat","embeddable":true,"href":"http:\/\/usadosembomestado.pt\/index.php?rest_route=%2Fwp%2Fv2%2Fproduct_cat&post=278"},{"taxonomy":"product_tag","embeddable":true,"href":"http:\/\/usadosembomestado.pt\/index.php?rest_route=%2Fwp%2Fv2%2Fproduct_tag&post=278"}],"curies":[{"name":"wp","href":"https:\/\/api.w.org\/{rel}","templated":true}]}}