{"id":2500,"date":"2026-01-01T21:32:14","date_gmt":"2026-01-01T21:32:14","guid":{"rendered":"https:\/\/usadosembomestado.pt\/?post_type=product&#038;p=2500"},"modified":"2026-01-01T21:32:15","modified_gmt":"2026-01-01T21:32:15","slug":"cadeirao-baloico","status":"publish","type":"product","link":"http:\/\/usadosembomestado.pt\/?product=cadeirao-baloico","title":{"rendered":"Cadeir\u00e3o Baloi\u00e7o"},"content":{"rendered":"<p>Cadeir\u00e3o Baloi\u00e7o<\/p>\n","protected":false},"excerpt":{"rendered":"<p>Cadeir\u00e3o Baloi\u00e7o<\/p>\n","protected":false},"featured_media":2478,"comment_status":"open","ping_status":"closed","template":"","meta":{"_siteseo_robots_primary_cat":""},"product_cat":[15,17],"product_tag":[],"class_list":{"0":"post-2500","1":"product","2":"type-product","3":"status-publish","4":"has-post-thumbnail","6":"product_cat-sem-categoria","7":"product_cat-sofas","9":"first","10":"instock","11":"shipping-taxable","12":"purchasable","13":"product-type-simple"},"_links":{"self":[{"href":"http:\/\/usadosembomestado.pt\/index.php?rest_route=\/wp\/v2\/product\/2500","targetHints":{"allow":["GET"]}}],"collection":[{"href":"http:\/\/usadosembomestado.pt\/index.php?rest_route=\/wp\/v2\/product"}],"about":[{"href":"http:\/\/usadosembomestado.pt\/index.php?rest_route=\/wp\/v2\/types\/product"}],"replies":[{"embeddable":true,"href":"http:\/\/usadosembomestado.pt\/index.php?rest_route=%2Fwp%2Fv2%2Fcomments&post=2500"}],"wp:featuredmedia":[{"embeddable":true,"href":"http:\/\/usadosembomestado.pt\/index.php?rest_route=\/wp\/v2\/media\/2478"}],"wp:attachment":[{"href":"http:\/\/usadosembomestado.pt\/index.php?rest_route=%2Fwp%2Fv2%2Fmedia&parent=2500"}],"wp:term":[{"taxonomy":"product_cat","embeddable":true,"href":"http:\/\/usadosembomestado.pt\/index.php?rest_route=%2Fwp%2Fv2%2Fproduct_cat&post=2500"},{"taxonomy":"product_tag","embeddable":true,"href":"http:\/\/usadosembomestado.pt\/index.php?rest_route=%2Fwp%2Fv2%2Fproduct_tag&post=2500"}],"curies":[{"name":"wp","href":"https:\/\/api.w.org\/{rel}","templated":true}]}}