{"id":200,"date":"2024-05-29T18:14:15","date_gmt":"2024-05-29T18:14:15","guid":{"rendered":"http:\/\/usadosembomestado.pt\/?post_type=product&#038;p=200"},"modified":"2024-05-29T20:47:55","modified_gmt":"2024-05-29T20:47:55","slug":"secretaria-ikea-pes-roscantes-vika-amon-120x60x74","status":"publish","type":"product","link":"http:\/\/usadosembomestado.pt\/?product=secretaria-ikea-pes-roscantes-vika-amon-120x60x74","title":{"rendered":"Secret\u00e1ria ikea p\u00e9s roscantes vika amon 1,20x60x74"},"content":{"rendered":"<p>Secret\u00e1ria ikea p\u00e9s roscantes vika amon 1,20x60x74<\/p>\n","protected":false},"excerpt":{"rendered":"<p>Secret\u00e1ria ikea p\u00e9s roscantes vika amon 1,20x60x74<\/p>\n","protected":false},"featured_media":201,"comment_status":"open","ping_status":"closed","template":"","meta":{"_siteseo_robots_primary_cat":""},"product_cat":[23],"product_tag":[],"class_list":{"0":"post-200","1":"product","2":"type-product","3":"status-publish","4":"has-post-thumbnail","6":"product_cat-mesas-e-cadeiras","8":"first","9":"instock","10":"sale","11":"shipping-taxable","12":"purchasable","13":"product-type-simple"},"_links":{"self":[{"href":"http:\/\/usadosembomestado.pt\/index.php?rest_route=\/wp\/v2\/product\/200","targetHints":{"allow":["GET"]}}],"collection":[{"href":"http:\/\/usadosembomestado.pt\/index.php?rest_route=\/wp\/v2\/product"}],"about":[{"href":"http:\/\/usadosembomestado.pt\/index.php?rest_route=\/wp\/v2\/types\/product"}],"replies":[{"embeddable":true,"href":"http:\/\/usadosembomestado.pt\/index.php?rest_route=%2Fwp%2Fv2%2Fcomments&post=200"}],"wp:featuredmedia":[{"embeddable":true,"href":"http:\/\/usadosembomestado.pt\/index.php?rest_route=\/wp\/v2\/media\/201"}],"wp:attachment":[{"href":"http:\/\/usadosembomestado.pt\/index.php?rest_route=%2Fwp%2Fv2%2Fmedia&parent=200"}],"wp:term":[{"taxonomy":"product_cat","embeddable":true,"href":"http:\/\/usadosembomestado.pt\/index.php?rest_route=%2Fwp%2Fv2%2Fproduct_cat&post=200"},{"taxonomy":"product_tag","embeddable":true,"href":"http:\/\/usadosembomestado.pt\/index.php?rest_route=%2Fwp%2Fv2%2Fproduct_tag&post=200"}],"curies":[{"name":"wp","href":"https:\/\/api.w.org\/{rel}","templated":true}]}}