{"id":1890,"date":"2025-05-28T11:32:14","date_gmt":"2025-05-28T11:32:14","guid":{"rendered":"https:\/\/usadosembomestado.pt\/?post_type=product&#038;p=1890"},"modified":"2025-07-13T11:00:41","modified_gmt":"2025-07-13T11:00:41","slug":"pedras-marmore-varias","status":"publish","type":"product","link":"http:\/\/usadosembomestado.pt\/?product=pedras-marmore-varias","title":{"rendered":"pedras m\u00e1rmores granitos v\u00e1rias"},"content":{"rendered":"<p>pedras m\u00e1rmores granitos v\u00e1rias<\/p>\n","protected":false},"excerpt":{"rendered":"<p>pedras m\u00e1rmores granitos v\u00e1rias<\/p>\n","protected":false},"featured_media":1844,"comment_status":"open","ping_status":"closed","template":"","meta":{"_siteseo_robots_primary_cat":"15"},"product_cat":[15,18],"product_tag":[],"class_list":{"0":"post-1890","1":"product","2":"type-product","3":"status-publish","4":"has-post-thumbnail","6":"product_cat-sem-categoria","7":"product_cat-construcao-e-bricolage","9":"first","10":"instock","11":"shipping-taxable","12":"purchasable","13":"product-type-simple"},"_links":{"self":[{"href":"http:\/\/usadosembomestado.pt\/index.php?rest_route=\/wp\/v2\/product\/1890","targetHints":{"allow":["GET"]}}],"collection":[{"href":"http:\/\/usadosembomestado.pt\/index.php?rest_route=\/wp\/v2\/product"}],"about":[{"href":"http:\/\/usadosembomestado.pt\/index.php?rest_route=\/wp\/v2\/types\/product"}],"replies":[{"embeddable":true,"href":"http:\/\/usadosembomestado.pt\/index.php?rest_route=%2Fwp%2Fv2%2Fcomments&post=1890"}],"wp:featuredmedia":[{"embeddable":true,"href":"http:\/\/usadosembomestado.pt\/index.php?rest_route=\/wp\/v2\/media\/1844"}],"wp:attachment":[{"href":"http:\/\/usadosembomestado.pt\/index.php?rest_route=%2Fwp%2Fv2%2Fmedia&parent=1890"}],"wp:term":[{"taxonomy":"product_cat","embeddable":true,"href":"http:\/\/usadosembomestado.pt\/index.php?rest_route=%2Fwp%2Fv2%2Fproduct_cat&post=1890"},{"taxonomy":"product_tag","embeddable":true,"href":"http:\/\/usadosembomestado.pt\/index.php?rest_route=%2Fwp%2Fv2%2Fproduct_tag&post=1890"}],"curies":[{"name":"wp","href":"https:\/\/api.w.org\/{rel}","templated":true}]}}