{"id":145,"date":"2024-05-29T10:34:45","date_gmt":"2024-05-29T10:34:45","guid":{"rendered":"http:\/\/usadosembomestado.pt\/?post_type=product&#038;p=145"},"modified":"2025-12-07T08:17:00","modified_gmt":"2025-12-07T08:17:00","slug":"plataforma-vibratoria-kproline-fitness-possiblidade-de-entrega","status":"publish","type":"product","link":"http:\/\/usadosembomestado.pt\/?product=plataforma-vibratoria-kproline-fitness-possiblidade-de-entrega","title":{"rendered":"Plataforma vibrat\u00f3ria KProline fitness Possiblidade de entrega"},"content":{"rendered":"<p>Plataforma vibrat\u00f3ria KProline fitness, modelo KPL deluxe. Conta com leitor digital, v\u00e1rios programas e op\u00e7\u00f5es a escolher.<br \/>\nA funcionar sem qualquer problema.<br \/>\nEnvio v\u00eddeo a comprovar.<br \/>\nExiste a possibilidade de entrega na zona de Lisboa com dia e hora a combinar. Encontra se a 5km da Ericeira.<\/p>\n","protected":false},"excerpt":{"rendered":"<p>Plataforma vibrat\u00f3ria KProline fitness, modelo KPL deluxe. Conta com leitor digital, v\u00e1rios programas e op\u00e7\u00f5es a escolher. A funcionar sem qualquer problema. Envio v\u00eddeo a comprovar. Existe a possibilidade de [&hellip;]<\/p>\n","protected":false},"featured_media":146,"comment_status":"open","ping_status":"closed","template":"","meta":{"_siteseo_robots_primary_cat":"22"},"product_cat":[22],"product_tag":[],"class_list":{"0":"post-145","1":"product","2":"type-product","3":"status-publish","4":"has-post-thumbnail","6":"product_cat-saude-e-beleza","8":"first","9":"instock","10":"sale","11":"shipping-taxable","12":"purchasable","13":"product-type-simple"},"_links":{"self":[{"href":"http:\/\/usadosembomestado.pt\/index.php?rest_route=\/wp\/v2\/product\/145","targetHints":{"allow":["GET"]}}],"collection":[{"href":"http:\/\/usadosembomestado.pt\/index.php?rest_route=\/wp\/v2\/product"}],"about":[{"href":"http:\/\/usadosembomestado.pt\/index.php?rest_route=\/wp\/v2\/types\/product"}],"replies":[{"embeddable":true,"href":"http:\/\/usadosembomestado.pt\/index.php?rest_route=%2Fwp%2Fv2%2Fcomments&post=145"}],"wp:featuredmedia":[{"embeddable":true,"href":"http:\/\/usadosembomestado.pt\/index.php?rest_route=\/wp\/v2\/media\/146"}],"wp:attachment":[{"href":"http:\/\/usadosembomestado.pt\/index.php?rest_route=%2Fwp%2Fv2%2Fmedia&parent=145"}],"wp:term":[{"taxonomy":"product_cat","embeddable":true,"href":"http:\/\/usadosembomestado.pt\/index.php?rest_route=%2Fwp%2Fv2%2Fproduct_cat&post=145"},{"taxonomy":"product_tag","embeddable":true,"href":"http:\/\/usadosembomestado.pt\/index.php?rest_route=%2Fwp%2Fv2%2Fproduct_tag&post=145"}],"curies":[{"name":"wp","href":"https:\/\/api.w.org\/{rel}","templated":true}]}}